{"id":9959,"date":"2026-03-05T10:40:13","date_gmt":"2026-03-05T10:40:13","guid":{"rendered":"https:\/\/staging-new-tapptic-wp.dev9.tapptic.net\/index.php\/etudes-de-cas\/"},"modified":"2026-04-16T14:07:37","modified_gmt":"2026-04-16T14:07:37","slug":"etudes-de-cas","status":"publish","type":"page","link":"https:\/\/www.tapptic.com\/fr\/etudes-de-cas\/","title":{"rendered":"Nos r\u00e9alisations"},"content":{"rendered":"\t\t<div data-elementor-type=\"wp-page\" data-elementor-id=\"9959\" class=\"elementor elementor-9959 elementor-9699\">\n\t\t\t\t<div class=\"elementor-element elementor-element-53691b62 e-flex e-con-boxed wcf-starter-animations-none e-con e-parent\" data-id=\"53691b62\" data-element_type=\"container\" data-e-type=\"container\" data-settings=\"{&quot;wcf_enable_cursor_hover_effect_text&quot;:&quot;View&quot;,&quot;wcf-animation&quot;:&quot;none&quot;,&quot;wcf_enable_horizontal_scroll&quot;:&quot;no&quot;}\">\n\t\t\t\t\t<div class=\"e-con-inner\">\n\t\t\t\t<div class=\"elementor-element elementor-element-1b0f5e2e elementor-absolute elementor-widget elementor-widget-wcf--floating-elements\" data-id=\"1b0f5e2e\" data-element_type=\"widget\" data-e-type=\"widget\" data-settings=\"{&quot;_position&quot;:&quot;absolute&quot;,&quot;wcf-animation&quot;:&quot;none&quot;}\" data-widget_type=\"wcf--floating-elements.default\">\n\t\t\t\t<div class=\"elementor-widget-container\">\n\t\t\t\t\t\t\t<div class=\"wcf--floating-elements\">\r\n\t\t\t                <div class=\"floating-element wcf-live-anim- elementor-repeater-item-4f89941       \">\r\n\t\t\t\t\t<img decoding=\"async\" src=\"https:\/\/www.tapptic.com\/wp-content\/uploads\/2026\/04\/decor-hero-right.svg.png\" alt=\"decor-hero-right.svg.png\" \/>\t\t\t\t<\/div>\r\n\t\t\t\t                <div class=\"floating-element wcf-live-anim- elementor-repeater-item-1feea5d       \">\r\n\t\t\t\t\t<img decoding=\"async\" src=\"https:\/\/www.tapptic.com\/wp-content\/uploads\/2026\/04\/decor-hero-left.png\" alt=\"decor-hero-left.png\" \/>\t\t\t\t<\/div>\r\n\t\t\t\t\t\t<\/div>\r\n\t\t\t\t\t\t<\/div>\n\t\t\t\t<\/div>\n\t\t<div class=\"elementor-element elementor-element-41aed545 e-con-full e-flex wcf-starter-animations-none e-con e-child\" data-id=\"41aed545\" data-element_type=\"container\" data-e-type=\"container\" data-settings=\"{&quot;wcf_enable_cursor_hover_effect_text&quot;:&quot;View&quot;,&quot;wcf-animation&quot;:&quot;none&quot;,&quot;wcf_enable_horizontal_scroll&quot;:&quot;no&quot;}\">\n\t\t\t\t<div class=\"elementor-element elementor-element-3f4316b7 elementor-widget__width-initial elementor-widget-mobile_extra__width-inherit wcf-starter-animations-none wcf-t-animation-none elementor-widget elementor-widget-wcf--title\" data-id=\"3f4316b7\" data-element_type=\"widget\" data-e-type=\"widget\" data-settings=\"{&quot;wcf-animation&quot;:&quot;fade&quot;,&quot;data-duration&quot;:0.75,&quot;fade-offset&quot;:40,&quot;wcf_starter_animations&quot;:&quot;none&quot;,&quot;wcf_anim_duration&quot;:1000,&quot;wcf_anim_delay&quot;:0,&quot;wcf_anim_ease&quot;:&quot;ease&quot;,&quot;wcf_text_animation&quot;:&quot;none&quot;,&quot;aae_method&quot;:&quot;from&quot;,&quot;aae_trigger&quot;:&quot;on_scroll&quot;,&quot;delay&quot;:0.15,&quot;fade-from&quot;:&quot;bottom&quot;,&quot;ease&quot;:&quot;power2.out&quot;}\" data-widget_type=\"wcf--title.default\">\n\t\t\t\t<div class=\"elementor-widget-container\">\n\t\t\t\t\t<h2 class=\"wcf--title\">Nos r\u00e9alisations<\/h2>\t\t\t\t<\/div>\n\t\t\t\t<\/div>\n\t\t<div class=\"elementor-element elementor-element-f449f9b e-con-full e-flex wcf-starter-animations-none e-con e-child\" data-id=\"f449f9b\" data-element_type=\"container\" data-e-type=\"container\" data-settings=\"{&quot;wcf_enable_cursor_hover_effect_text&quot;:&quot;View&quot;,&quot;wcf-animation&quot;:&quot;none&quot;,&quot;wcf_enable_horizontal_scroll&quot;:&quot;no&quot;}\">\n\t\t<div class=\"elementor-element elementor-element-6329a4e5 e-con-full e-flex wcf-starter-animations-none e-con e-child\" data-id=\"6329a4e5\" data-element_type=\"container\" data-e-type=\"container\" data-settings=\"{&quot;wcf_enable_cursor_hover_effect_text&quot;:&quot;View&quot;,&quot;wcf-animation&quot;:&quot;none&quot;,&quot;wcf_enable_horizontal_scroll&quot;:&quot;no&quot;}\">\n\t\t\t\t<div class=\"elementor-element elementor-element-41fc3253 wcf-starter-animations-none elementor-widget elementor-widget-wcf--image\" data-id=\"41fc3253\" data-element_type=\"widget\" data-e-type=\"widget\" data-settings=\"{&quot;wcf_starter_animations&quot;:&quot;none&quot;,&quot;wcf_anim_duration&quot;:1000,&quot;wcf_anim_delay&quot;:0,&quot;wcf_anim_ease&quot;:&quot;ease&quot;,&quot;wcf-image-animation&quot;:&quot;none&quot;,&quot;wcf-animation&quot;:&quot;none&quot;}\" data-widget_type=\"wcf--image.default\">\n\t\t\t\t<div class=\"elementor-widget-container\">\n\t\t\t\t\t\t\t<div class=\"wcf--image\">\r\n\t\t\t\t\t\t\t<img decoding=\"async\" width=\"40\" height=\"64\" src=\"https:\/\/www.tapptic.com\/wp-content\/uploads\/2026\/04\/Arrow-Down-1.png\" class=\"attachment-full size-full wp-image-11666\" alt=\"\" \/>\t\t\t\t\t\t<\/div>\r\n\t\t\t\t\t\t<\/div>\n\t\t\t\t<\/div>\n\t\t\t\t<\/div>\n\t\t<div class=\"elementor-element elementor-element-37221ff6 e-con-full e-flex wcf-starter-animations-none e-con e-child\" data-id=\"37221ff6\" data-element_type=\"container\" data-e-type=\"container\" data-settings=\"{&quot;wcf_enable_cursor_hover_effect_text&quot;:&quot;View&quot;,&quot;wcf-animation&quot;:&quot;none&quot;,&quot;wcf_enable_horizontal_scroll&quot;:&quot;no&quot;}\">\n\t\t\t\t<div class=\"elementor-element elementor-element-788895e5 elementor-widget__width-inherit elementor-widget-mobile_extra__width-inherit wcf-starter-animations-none wcf-t-animation-none elementor-widget elementor-widget-wcf--text\" data-id=\"788895e5\" data-element_type=\"widget\" data-e-type=\"widget\" data-settings=\"{&quot;wcf-animation&quot;:&quot;fade&quot;,&quot;data-duration&quot;:0.75,&quot;fade-offset&quot;:40,&quot;wcf_starter_animations&quot;:&quot;none&quot;,&quot;wcf_anim_duration&quot;:1000,&quot;wcf_anim_delay&quot;:0,&quot;wcf_anim_ease&quot;:&quot;ease&quot;,&quot;wcf_text_animation&quot;:&quot;none&quot;,&quot;aae_method&quot;:&quot;from&quot;,&quot;aae_trigger&quot;:&quot;on_scroll&quot;,&quot;delay&quot;:0.15,&quot;fade-from&quot;:&quot;bottom&quot;,&quot;ease&quot;:&quot;power2.out&quot;}\" data-widget_type=\"wcf--text.default\">\n\t\t\t\t<div class=\"elementor-widget-container\">\n\t\t\t\t\t<div class=\"wcf--text\"><p>Une approche pragmatique : identifier les enjeux, designer pour les utilisateurs et d\u00e9velopper pour industrialiser \u00e0 grande \u00e9chelle. <\/p><\/div>\t\t\t\t<\/div>\n\t\t\t\t<\/div>\n\t\t\t\t<\/div>\n\t\t\t\t<\/div>\n\t\t\t\t<\/div>\n\t\t<div class=\"elementor-element elementor-element-6983073a e-con-full e-flex wcf-starter-animations-none e-con e-child\" data-id=\"6983073a\" data-element_type=\"container\" data-e-type=\"container\" data-settings=\"{&quot;wcf_enable_cursor_hover_effect_text&quot;:&quot;View&quot;,&quot;wcf-animation&quot;:&quot;none&quot;,&quot;wcf_enable_horizontal_scroll&quot;:&quot;no&quot;}\">\n\t\t\t\t<div class=\"elementor-element elementor-element-5537379d elementor-widget elementor-widget-shortcode\" data-id=\"5537379d\" data-element_type=\"widget\" data-e-type=\"widget\" data-settings=\"{&quot;wcf-animation&quot;:&quot;none&quot;}\" data-widget_type=\"shortcode.default\">\n\t\t\t\t<div class=\"elementor-widget-container\">\n\t\t\t\t\t\t\t<div class=\"elementor-shortcode\"> <div class=\"cs-grid cs-grid--cols-3\"><a href=\"https:\/\/www.tapptic.com\/fr\/case-studies\/sarenza\/\" class=\"cs-card\"><div class=\"cs-card__thumb\"><img decoding=\"async\" src=\"https:\/\/www.tapptic.com\/wp-content\/uploads\/2026\/03\/Sarenza-1-1024x576.png\" alt=\"Une exp\u00e9rience de m-commerce pens\u00e9e pour les passionn\u00e9s de mode.\"><\/div><div class=\"cs-card__body\"><h3 class=\"cs-card__title\">Une exp\u00e9rience de m-commerce pens\u00e9e pour les passionn\u00e9s de mode.<\/h3><span class=\"cs-card__client\">Carrefour<\/span><\/div><\/a><a href=\"https:\/\/www.tapptic.com\/fr\/case-studies\/tec\/\" class=\"cs-card\"><div class=\"cs-card__thumb\"><img decoding=\"async\" src=\"https:\/\/www.tapptic.com\/wp-content\/uploads\/2026\/03\/TEC-1-1024x576.png\" alt=\"Une app de transport public utilis\u00e9e tous les jours en Belgique\"><\/div><div class=\"cs-card__body\"><h3 class=\"cs-card__title\">Une app de transport public utilis\u00e9e tous les jours en Belgique<\/h3><span class=\"cs-card__client\">TEC<\/span><\/div><\/a><a href=\"https:\/\/www.tapptic.com\/fr\/case-studies\/buy-way\/\" class=\"cs-card\"><div class=\"cs-card__thumb\"><img decoding=\"async\" src=\"https:\/\/www.tapptic.com\/wp-content\/uploads\/2026\/03\/Buy-Way-1024x576.png\" alt=\"Une application mobile d\u00e9di\u00e9e aux paiements et au financement des consommateurs.\"><\/div><div class=\"cs-card__body\"><h3 class=\"cs-card__title\">Une application mobile d\u00e9di\u00e9e aux paiements et au financement des consommateurs.<\/h3><span class=\"cs-card__client\">Buy Way<\/span><\/div><\/a><a href=\"https:\/\/www.tapptic.com\/fr\/case-studies\/fiba\/\" class=\"cs-card\"><div class=\"cs-card__thumb\"><img decoding=\"async\" src=\"https:\/\/www.tapptic.com\/wp-content\/uploads\/2026\/03\/FIBA-1024x576.png\" alt=\"Une application mondiale pour les fans et les comp\u00e9titions de basketball.\"><\/div><div class=\"cs-card__body\"><h3 class=\"cs-card__title\">Une application mondiale pour les fans et les comp\u00e9titions de basketball.<\/h3><span class=\"cs-card__client\">FIBA<\/span><\/div><\/a><a href=\"https:\/\/www.tapptic.com\/fr\/case-studies\/euroconsumers\/\" class=\"cs-card\"><div class=\"cs-card__thumb\"><img decoding=\"async\" src=\"https:\/\/www.tapptic.com\/wp-content\/uploads\/2026\/03\/Euroconsumers-1024x576.png\" alt=\"Une plateforme digitale qui aide les consommateurs \u00e0 prendre de meilleures d\u00e9cisions financi\u00e8res.\"><\/div><div class=\"cs-card__body\"><h3 class=\"cs-card__title\">Une plateforme digitale qui aide les consommateurs \u00e0 prendre de meilleures d\u00e9cisions financi\u00e8res.<\/h3><span class=\"cs-card__client\">Euroconsumers<\/span><\/div><\/a><a href=\"https:\/\/www.tapptic.com\/fr\/case-studies\/monoprix\/\" class=\"cs-card\"><div class=\"cs-card__thumb\"><img decoding=\"async\" src=\"https:\/\/www.tapptic.com\/wp-content\/uploads\/2026\/03\/Monoprix-1-1024x576.png\" alt=\"Une exp\u00e9rience de shopping mobile pour le retail du quotidien.\"><\/div><div class=\"cs-card__body\"><h3 class=\"cs-card__title\">Une exp\u00e9rience de shopping mobile pour le retail du quotidien.<\/h3><span class=\"cs-card__client\">Carrefour<\/span><\/div><\/a><a href=\"https:\/\/www.tapptic.com\/fr\/case-studies\/carrefour\/\" class=\"cs-card\"><div class=\"cs-card__thumb\"><img decoding=\"async\" src=\"https:\/\/www.tapptic.com\/wp-content\/uploads\/2026\/03\/Carrefour-1024x576.png\" alt=\"Une nouvelle strat\u00e9gie pour le m-commerce et la fid\u00e9lit\u00e9.\"><\/div><div class=\"cs-card__body\"><h3 class=\"cs-card__title\">Une nouvelle strat\u00e9gie pour le m-commerce et la fid\u00e9lit\u00e9.<\/h3><span class=\"cs-card__client\">Carrefour<\/span><\/div><\/a><\/div><\/div>\n\t\t\t\t\t\t<\/div>\n\t\t\t\t<\/div>\n\t\t\t\t<\/div>\n\t\t\t\t\t<\/div>\n\t\t\t\t<\/div>\n\t\t\t\t<\/div>\n\t\t","protected":false},"excerpt":{"rendered":"<p>Nos r\u00e9alisations Une approche pragmatique : identifier les enjeux, designer pour les utilisateurs et d\u00e9velopper pour industrialiser \u00e0 grande \u00e9chelle.<\/p>\n","protected":false},"author":1,"featured_media":0,"parent":0,"menu_order":0,"comment_status":"closed","ping_status":"closed","template":"elementor_header_footer","meta":{"footnotes":""},"class_list":["post-9959","page","type-page","status-publish","hentry"],"yoast_head":"<!-- This site is optimized with the Yoast SEO plugin v27.3 - https:\/\/yoast.com\/product\/yoast-seo-wordpress\/ -->\n<title>Nos r\u00e9alisations - Tapptic<\/title>\n<meta name=\"robots\" content=\"index, follow, max-snippet:-1, max-image-preview:large, max-video-preview:-1\" \/>\n<link rel=\"canonical\" href=\"https:\/\/www.tapptic.com\/fr\/etudes-de-cas\/\" \/>\n<meta property=\"og:locale\" content=\"fr_FR\" \/>\n<meta property=\"og:type\" content=\"article\" \/>\n<meta property=\"og:title\" content=\"Nos r\u00e9alisations - Tapptic\" \/>\n<meta property=\"og:description\" content=\"Nos r\u00e9alisations Une approche pragmatique : identifier les enjeux, designer pour les utilisateurs et d\u00e9velopper pour industrialiser \u00e0 grande \u00e9chelle.\" \/>\n<meta property=\"og:url\" content=\"https:\/\/www.tapptic.com\/fr\/etudes-de-cas\/\" \/>\n<meta property=\"og:site_name\" content=\"Tapptic\" \/>\n<meta property=\"article:modified_time\" content=\"2026-04-16T14:07:37+00:00\" \/>\n<meta property=\"og:image\" content=\"https:\/\/www.tapptic.com\/wp-content\/uploads\/2026\/04\/decor-hero-right.svg.png\" \/>\n<meta name=\"twitter:card\" content=\"summary_large_image\" \/>\n<script type=\"application\/ld+json\" class=\"yoast-schema-graph\">{\"@context\":\"https:\\\/\\\/schema.org\",\"@graph\":[{\"@type\":\"WebPage\",\"@id\":\"https:\\\/\\\/www.tapptic.com\\\/fr\\\/etudes-de-cas\\\/\",\"url\":\"https:\\\/\\\/www.tapptic.com\\\/fr\\\/etudes-de-cas\\\/\",\"name\":\"Nos r\u00e9alisations - Tapptic\",\"isPartOf\":{\"@id\":\"https:\\\/\\\/www.tapptic.com\\\/fr\\\/#website\"},\"primaryImageOfPage\":{\"@id\":\"https:\\\/\\\/www.tapptic.com\\\/fr\\\/etudes-de-cas\\\/#primaryimage\"},\"image\":{\"@id\":\"https:\\\/\\\/www.tapptic.com\\\/fr\\\/etudes-de-cas\\\/#primaryimage\"},\"thumbnailUrl\":\"https:\\\/\\\/www.tapptic.com\\\/wp-content\\\/uploads\\\/2026\\\/04\\\/decor-hero-right.svg.png\",\"datePublished\":\"2026-03-05T10:40:13+00:00\",\"dateModified\":\"2026-04-16T14:07:37+00:00\",\"breadcrumb\":{\"@id\":\"https:\\\/\\\/www.tapptic.com\\\/fr\\\/etudes-de-cas\\\/#breadcrumb\"},\"inLanguage\":\"fr-FR\",\"potentialAction\":[{\"@type\":\"ReadAction\",\"target\":[\"https:\\\/\\\/www.tapptic.com\\\/fr\\\/etudes-de-cas\\\/\"]}]},{\"@type\":\"ImageObject\",\"inLanguage\":\"fr-FR\",\"@id\":\"https:\\\/\\\/www.tapptic.com\\\/fr\\\/etudes-de-cas\\\/#primaryimage\",\"url\":\"https:\\\/\\\/www.tapptic.com\\\/wp-content\\\/uploads\\\/2026\\\/04\\\/decor-hero-right.svg.png\",\"contentUrl\":\"https:\\\/\\\/www.tapptic.com\\\/wp-content\\\/uploads\\\/2026\\\/04\\\/decor-hero-right.svg.png\"},{\"@type\":\"BreadcrumbList\",\"@id\":\"https:\\\/\\\/www.tapptic.com\\\/fr\\\/etudes-de-cas\\\/#breadcrumb\",\"itemListElement\":[{\"@type\":\"ListItem\",\"position\":1,\"name\":\"Home\",\"item\":\"https:\\\/\\\/www.tapptic.com\\\/fr\\\/home\\\/\"},{\"@type\":\"ListItem\",\"position\":2,\"name\":\"Nos r\u00e9alisations\"}]},{\"@type\":\"WebSite\",\"@id\":\"https:\\\/\\\/www.tapptic.com\\\/fr\\\/#website\",\"url\":\"https:\\\/\\\/www.tapptic.com\\\/fr\\\/\",\"name\":\"Tapptic\",\"description\":\"Intelligent Digital Interfaces\",\"publisher\":{\"@id\":\"https:\\\/\\\/www.tapptic.com\\\/fr\\\/#organization\"},\"potentialAction\":[{\"@type\":\"SearchAction\",\"target\":{\"@type\":\"EntryPoint\",\"urlTemplate\":\"https:\\\/\\\/www.tapptic.com\\\/fr\\\/?s={search_term_string}\"},\"query-input\":{\"@type\":\"PropertyValueSpecification\",\"valueRequired\":true,\"valueName\":\"search_term_string\"}}],\"inLanguage\":\"fr-FR\"},{\"@type\":\"Organization\",\"@id\":\"https:\\\/\\\/www.tapptic.com\\\/fr\\\/#organization\",\"name\":\"Tapptic\",\"url\":\"https:\\\/\\\/www.tapptic.com\\\/fr\\\/\",\"logo\":{\"@type\":\"ImageObject\",\"inLanguage\":\"fr-FR\",\"@id\":\"https:\\\/\\\/www.tapptic.com\\\/fr\\\/#\\\/schema\\\/logo\\\/image\\\/\",\"url\":\"https:\\\/\\\/www.tapptic.com\\\/wp-content\\\/uploads\\\/2026\\\/03\\\/Favicon.png\",\"contentUrl\":\"https:\\\/\\\/www.tapptic.com\\\/wp-content\\\/uploads\\\/2026\\\/03\\\/Favicon.png\",\"width\":512,\"height\":512,\"caption\":\"Tapptic\"},\"image\":{\"@id\":\"https:\\\/\\\/www.tapptic.com\\\/fr\\\/#\\\/schema\\\/logo\\\/image\\\/\"}}]}<\/script>\n<!-- \/ Yoast SEO plugin. -->","yoast_head_json":{"title":"Nos r\u00e9alisations - Tapptic","robots":{"index":"index","follow":"follow","max-snippet":"max-snippet:-1","max-image-preview":"max-image-preview:large","max-video-preview":"max-video-preview:-1"},"canonical":"https:\/\/www.tapptic.com\/fr\/etudes-de-cas\/","og_locale":"fr_FR","og_type":"article","og_title":"Nos r\u00e9alisations - Tapptic","og_description":"Nos r\u00e9alisations Une approche pragmatique : identifier les enjeux, designer pour les utilisateurs et d\u00e9velopper pour industrialiser \u00e0 grande \u00e9chelle.","og_url":"https:\/\/www.tapptic.com\/fr\/etudes-de-cas\/","og_site_name":"Tapptic","article_modified_time":"2026-04-16T14:07:37+00:00","og_image":[{"url":"https:\/\/www.tapptic.com\/wp-content\/uploads\/2026\/04\/decor-hero-right.svg.png","type":"","width":"","height":""}],"twitter_card":"summary_large_image","schema":{"@context":"https:\/\/schema.org","@graph":[{"@type":"WebPage","@id":"https:\/\/www.tapptic.com\/fr\/etudes-de-cas\/","url":"https:\/\/www.tapptic.com\/fr\/etudes-de-cas\/","name":"Nos r\u00e9alisations - Tapptic","isPartOf":{"@id":"https:\/\/www.tapptic.com\/fr\/#website"},"primaryImageOfPage":{"@id":"https:\/\/www.tapptic.com\/fr\/etudes-de-cas\/#primaryimage"},"image":{"@id":"https:\/\/www.tapptic.com\/fr\/etudes-de-cas\/#primaryimage"},"thumbnailUrl":"https:\/\/www.tapptic.com\/wp-content\/uploads\/2026\/04\/decor-hero-right.svg.png","datePublished":"2026-03-05T10:40:13+00:00","dateModified":"2026-04-16T14:07:37+00:00","breadcrumb":{"@id":"https:\/\/www.tapptic.com\/fr\/etudes-de-cas\/#breadcrumb"},"inLanguage":"fr-FR","potentialAction":[{"@type":"ReadAction","target":["https:\/\/www.tapptic.com\/fr\/etudes-de-cas\/"]}]},{"@type":"ImageObject","inLanguage":"fr-FR","@id":"https:\/\/www.tapptic.com\/fr\/etudes-de-cas\/#primaryimage","url":"https:\/\/www.tapptic.com\/wp-content\/uploads\/2026\/04\/decor-hero-right.svg.png","contentUrl":"https:\/\/www.tapptic.com\/wp-content\/uploads\/2026\/04\/decor-hero-right.svg.png"},{"@type":"BreadcrumbList","@id":"https:\/\/www.tapptic.com\/fr\/etudes-de-cas\/#breadcrumb","itemListElement":[{"@type":"ListItem","position":1,"name":"Home","item":"https:\/\/www.tapptic.com\/fr\/home\/"},{"@type":"ListItem","position":2,"name":"Nos r\u00e9alisations"}]},{"@type":"WebSite","@id":"https:\/\/www.tapptic.com\/fr\/#website","url":"https:\/\/www.tapptic.com\/fr\/","name":"Tapptic","description":"Intelligent Digital Interfaces","publisher":{"@id":"https:\/\/www.tapptic.com\/fr\/#organization"},"potentialAction":[{"@type":"SearchAction","target":{"@type":"EntryPoint","urlTemplate":"https:\/\/www.tapptic.com\/fr\/?s={search_term_string}"},"query-input":{"@type":"PropertyValueSpecification","valueRequired":true,"valueName":"search_term_string"}}],"inLanguage":"fr-FR"},{"@type":"Organization","@id":"https:\/\/www.tapptic.com\/fr\/#organization","name":"Tapptic","url":"https:\/\/www.tapptic.com\/fr\/","logo":{"@type":"ImageObject","inLanguage":"fr-FR","@id":"https:\/\/www.tapptic.com\/fr\/#\/schema\/logo\/image\/","url":"https:\/\/www.tapptic.com\/wp-content\/uploads\/2026\/03\/Favicon.png","contentUrl":"https:\/\/www.tapptic.com\/wp-content\/uploads\/2026\/03\/Favicon.png","width":512,"height":512,"caption":"Tapptic"},"image":{"@id":"https:\/\/www.tapptic.com\/fr\/#\/schema\/logo\/image\/"}}]}},"_links":{"self":[{"href":"https:\/\/www.tapptic.com\/fr\/wp-json\/wp\/v2\/pages\/9959","targetHints":{"allow":["GET"]}}],"collection":[{"href":"https:\/\/www.tapptic.com\/fr\/wp-json\/wp\/v2\/pages"}],"about":[{"href":"https:\/\/www.tapptic.com\/fr\/wp-json\/wp\/v2\/types\/page"}],"author":[{"embeddable":true,"href":"https:\/\/www.tapptic.com\/fr\/wp-json\/wp\/v2\/users\/1"}],"replies":[{"embeddable":true,"href":"https:\/\/www.tapptic.com\/fr\/wp-json\/wp\/v2\/comments?post=9959"}],"version-history":[{"count":5,"href":"https:\/\/www.tapptic.com\/fr\/wp-json\/wp\/v2\/pages\/9959\/revisions"}],"predecessor-version":[{"id":11790,"href":"https:\/\/www.tapptic.com\/fr\/wp-json\/wp\/v2\/pages\/9959\/revisions\/11790"}],"wp:attachment":[{"href":"https:\/\/www.tapptic.com\/fr\/wp-json\/wp\/v2\/media?parent=9959"}],"curies":[{"name":"wp","href":"https:\/\/api.w.org\/{rel}","templated":true}]}}